 {"id":39,"date":"2025-10-30T14:30:58","date_gmt":"2025-10-30T14:30:58","guid":{"rendered":"https:\/\/www.lesateliersduverre.com\/?page_id=39"},"modified":"2025-11-09T18:37:32","modified_gmt":"2025-11-09T18:37:32","slug":"accueil","status":"publish","type":"page","link":"https:\/\/www.lesateliersduverre.com\/","title":{"rendered":"Accueil"},"content":{"rendered":"\n<div class=\"wp-block-group all sliderglider100\"><div class=\"wp-block-group__inner-container is-layout-constrained wp-block-group-is-layout-constrained\">\n<figure class=\"wp-block-image size-large\"><img loading=\"lazy\" decoding=\"async\" width=\"1024\" height=\"312\" src=\"https:\/\/www.lesateliersduverre.com\/wp-content\/uploads\/2025\/10\/0624ce_145bcd8457a54dc69ed7b3f072e60273mv2-1-1024x312.jpg\" alt=\"\" class=\"wp-image-62\" srcset=\"https:\/\/www.lesateliersduverre.com\/wp-content\/uploads\/2025\/10\/0624ce_145bcd8457a54dc69ed7b3f072e60273mv2-1-1024x312.jpg 1024w, https:\/\/www.lesateliersduverre.com\/wp-content\/uploads\/2025\/10\/0624ce_145bcd8457a54dc69ed7b3f072e60273mv2-1-300x91.jpg 300w, https:\/\/www.lesateliersduverre.com\/wp-content\/uploads\/2025\/10\/0624ce_145bcd8457a54dc69ed7b3f072e60273mv2-1-768x234.jpg 768w, https:\/\/www.lesateliersduverre.com\/wp-content\/uploads\/2025\/10\/0624ce_145bcd8457a54dc69ed7b3f072e60273mv2-1-1536x468.jpg 1536w, https:\/\/www.lesateliersduverre.com\/wp-content\/uploads\/2025\/10\/0624ce_145bcd8457a54dc69ed7b3f072e60273mv2-1-1200x366.jpg 1200w, https:\/\/www.lesateliersduverre.com\/wp-content\/uploads\/2025\/10\/0624ce_145bcd8457a54dc69ed7b3f072e60273mv2-1.jpg 1903w\" sizes=\"auto, (max-width: 960px) 50vw, 400w\" \/><\/figure>\n\n\n\n<figure class=\"wp-block-image size-large\"><img loading=\"lazy\" decoding=\"async\" width=\"1024\" height=\"355\" src=\"https:\/\/www.lesateliersduverre.com\/wp-content\/uploads\/2025\/10\/87d89c_ea29bf0a603c47cea804dbc7fd783f2amv2-1024x355.jpg\" alt=\"\" class=\"wp-image-51\" srcset=\"https:\/\/www.lesateliersduverre.com\/wp-content\/uploads\/2025\/10\/87d89c_ea29bf0a603c47cea804dbc7fd783f2amv2-1024x355.jpg 1024w, https:\/\/www.lesateliersduverre.com\/wp-content\/uploads\/2025\/10\/87d89c_ea29bf0a603c47cea804dbc7fd783f2amv2-300x104.jpg 300w, https:\/\/www.lesateliersduverre.com\/wp-content\/uploads\/2025\/10\/87d89c_ea29bf0a603c47cea804dbc7fd783f2amv2-768x266.jpg 768w, https:\/\/www.lesateliersduverre.com\/wp-content\/uploads\/2025\/10\/87d89c_ea29bf0a603c47cea804dbc7fd783f2amv2-1536x533.jpg 1536w, https:\/\/www.lesateliersduverre.com\/wp-content\/uploads\/2025\/10\/87d89c_ea29bf0a603c47cea804dbc7fd783f2amv2-382x133.jpg 382w, https:\/\/www.lesateliersduverre.com\/wp-content\/uploads\/2025\/10\/87d89c_ea29bf0a603c47cea804dbc7fd783f2amv2-1200x416.jpg 1200w, https:\/\/www.lesateliersduverre.com\/wp-content\/uploads\/2025\/10\/87d89c_ea29bf0a603c47cea804dbc7fd783f2amv2.jpg 1672w\" sizes=\"auto, (max-width: 960px) 50vw, 400w\" \/><\/figure>\n\n\n\n<figure class=\"wp-block-image size-large\"><img loading=\"lazy\" decoding=\"async\" width=\"1024\" height=\"396\" src=\"https:\/\/www.lesateliersduverre.com\/wp-content\/uploads\/2025\/10\/87d89c_7b8a20a1ee75422e9b6644e969aec381mv2-1024x396.jpg\" alt=\"\" class=\"wp-image-49\" srcset=\"https:\/\/www.lesateliersduverre.com\/wp-content\/uploads\/2025\/10\/87d89c_7b8a20a1ee75422e9b6644e969aec381mv2-1024x396.jpg 1024w, https:\/\/www.lesateliersduverre.com\/wp-content\/uploads\/2025\/10\/87d89c_7b8a20a1ee75422e9b6644e969aec381mv2-300x116.jpg 300w, https:\/\/www.lesateliersduverre.com\/wp-content\/uploads\/2025\/10\/87d89c_7b8a20a1ee75422e9b6644e969aec381mv2-768x297.jpg 768w, https:\/\/www.lesateliersduverre.com\/wp-content\/uploads\/2025\/10\/87d89c_7b8a20a1ee75422e9b6644e969aec381mv2-382x148.jpg 382w, https:\/\/www.lesateliersduverre.com\/wp-content\/uploads\/2025\/10\/87d89c_7b8a20a1ee75422e9b6644e969aec381mv2-1200x464.jpg 1200w, https:\/\/www.lesateliersduverre.com\/wp-content\/uploads\/2025\/10\/87d89c_7b8a20a1ee75422e9b6644e969aec381mv2.jpg 1499w\" sizes=\"auto, (max-width: 960px) 50vw, 400w\" \/><\/figure>\n<\/div><\/div>\n\n\n\n<div class=\"wp-block-columns stretch is-layout-flex wp-container-core-columns-is-layout-9d6595d7 wp-block-columns-is-layout-flex\">\n<div class=\"wp-block-column textestrech is-layout-flow wp-block-column-is-layout-flow\" style=\"flex-basis:33.33%\">\n<h2 class=\"wp-block-heading\"><strong>Atelier de vitrail<\/strong><\/h2>\n\n\n\n<p class=\"has-text-color\" style=\"color:#000000;font-size:17px\"><strong>Cr\u00e9ation &amp; Restauration de vitraux<\/strong><\/p>\n\n\n\n<p class=\"gris has-text-color\" style=\"color:#000000;font-size:17px\">L&rsquo;atelier r\u00e9alise des vitraux sur mesure<br>selon votre projet.<\/p>\n\n\n\n<div class=\"wp-block-buttons is-layout-flex wp-block-buttons-is-layout-flex\">\n<div class=\"wp-block-button\"><a class=\"wp-block-button__link wp-element-button\" href=\"\/index.php\/contact\/\">Contactez-moi<\/a><\/div>\n<\/div>\n<\/div>\n\n\n\n<div class=\"wp-block-column is-layout-flow wp-block-column-is-layout-flow\" style=\"flex-basis:66.66%\">\n<figure class=\"wp-block-image size-full\"><img loading=\"lazy\" decoding=\"async\" width=\"1109\" height=\"580\" src=\"https:\/\/www.lesateliersduverre.com\/wp-content\/uploads\/2025\/10\/87d89c_1f18f12992c24985baeca87d98939272mv2.avif\" alt=\"\" class=\"wp-image-69\"\/><\/figure>\n<\/div>\n<\/div>\n\n\n\n<div class=\"wp-block-columns stretch is-layout-flex wp-container-core-columns-is-layout-9d6595d7 wp-block-columns-is-layout-flex\">\n<div class=\"wp-block-column is-layout-flow wp-block-column-is-layout-flow\" style=\"flex-basis:66.66%\">\n<figure class=\"wp-block-image size-large\"><img loading=\"lazy\" decoding=\"async\" width=\"1024\" height=\"536\" src=\"https:\/\/www.lesateliersduverre.com\/wp-content\/uploads\/2025\/10\/0624ce_325b18efb2c1413d8300d20c969762bcmv2-1-1024x536.jpg\" alt=\"\" class=\"wp-image-74\" srcset=\"https:\/\/www.lesateliersduverre.com\/wp-content\/uploads\/2025\/10\/0624ce_325b18efb2c1413d8300d20c969762bcmv2-1-1024x536.jpg 1024w, https:\/\/www.lesateliersduverre.com\/wp-content\/uploads\/2025\/10\/0624ce_325b18efb2c1413d8300d20c969762bcmv2-1-300x157.jpg 300w, https:\/\/www.lesateliersduverre.com\/wp-content\/uploads\/2025\/10\/0624ce_325b18efb2c1413d8300d20c969762bcmv2-1-768x402.jpg 768w, https:\/\/www.lesateliersduverre.com\/wp-content\/uploads\/2025\/10\/0624ce_325b18efb2c1413d8300d20c969762bcmv2-1.jpg 1109w\" sizes=\"auto, (max-width: 960px) 50vw, 400w\" \/><\/figure>\n<\/div>\n\n\n\n<div class=\"wp-block-column the400 is-layout-flow wp-block-column-is-layout-flow\" style=\"flex-basis:33.33%\">\n<h2 class=\"wp-block-heading\">D\u00e9coration d&rsquo;int\u00e9rieur<br>&amp; d&rsquo;ext\u00e9rieur<\/h2>\n\n\n\n<p class=\"has-text-color\" style=\"color:#000000;font-size:17px\"><strong>Les luminaires et&nbsp;sculptures&nbsp;sont enti\u00e8rement&nbsp;r\u00e9alis\u00e9s \u00e0 la main.<\/strong><\/p>\n\n\n\n<p class=\"gris has-text-color\" style=\"color:#000000;font-size:17px\">La mati\u00e8re premi\u00e8re est une feuille de verre coup\u00e9e et fondue pour r\u00e9aliser des objets de d\u00e9coration uniques.<\/p>\n\n\n\n<div class=\"wp-block-buttons is-layout-flex wp-block-buttons-is-layout-flex\">\n<div class=\"wp-block-button is-style-fill\"><a class=\"wp-block-button__link wp-element-button\" href=\"\/index.php\/contact\/\">Contactez-moi<\/a><\/div>\n<\/div>\n<\/div>\n<\/div>\n\n\n\n<div class=\"wp-block-columns stretch is-layout-flex wp-container-core-columns-is-layout-9d6595d7 wp-block-columns-is-layout-flex\">\n<div class=\"wp-block-column textestrech is-layout-flow wp-block-column-is-layout-flow\">\n<h2 class=\"wp-block-heading\"><strong>Galerie<\/strong><\/h2>\n\n\n\n<p class=\"black\"><strong>Luminaire d&rsquo;ambiance<br>D\u00e9coration d&rsquo;int\u00e9rieur et d&rsquo;ext\u00e9rieur<\/strong><\/p>\n\n\n\n<div class=\"wp-block-buttons is-layout-flex wp-block-buttons-is-layout-flex\">\n<div class=\"wp-block-button\"><a class=\"wp-block-button__link wp-element-button\" href=\"\/index.php\/galeries\/\">En voir +<\/a><\/div>\n<\/div>\n<\/div>\n\n\n\n<div class=\"wp-block-column is-layout-flow wp-block-column-is-layout-flow\">\n<div class=\"wp-block-cover\"><img loading=\"lazy\" decoding=\"async\" width=\"567\" height=\"516\" class=\"wp-block-cover__image-background wp-image-59\" alt=\"\" src=\"https:\/\/www.lesateliersduverre.com\/wp-content\/uploads\/2025\/10\/0624ce_c2bdc910dd0d43c2bdcdf224d85f6fe1mv2.jpg\" data-object-fit=\"cover\" srcset=\"https:\/\/www.lesateliersduverre.com\/wp-content\/uploads\/2025\/10\/0624ce_c2bdc910dd0d43c2bdcdf224d85f6fe1mv2.jpg 567w, https:\/\/www.lesateliersduverre.com\/wp-content\/uploads\/2025\/10\/0624ce_c2bdc910dd0d43c2bdcdf224d85f6fe1mv2-300x273.jpg 300w, https:\/\/www.lesateliersduverre.com\/wp-content\/uploads\/2025\/10\/0624ce_c2bdc910dd0d43c2bdcdf224d85f6fe1mv2-344x313.jpg 344w\" sizes=\"auto, (max-width: 960px) 50vw, 400w\" \/><span aria-hidden=\"true\" class=\"wp-block-cover__background has-background-dim\"><\/span><div class=\"wp-block-cover__inner-container is-layout-flow wp-block-cover-is-layout-flow\">\n<p class=\"has-text-align-center has-large-font-size\">Luminaire<\/p>\n<\/div><\/div>\n<\/div>\n\n\n\n<div class=\"wp-block-column is-layout-flow wp-block-column-is-layout-flow\">\n<div class=\"wp-block-cover\"><img loading=\"lazy\" decoding=\"async\" width=\"432\" height=\"272\" class=\"wp-block-cover__image-background wp-image-56\" alt=\"\" src=\"https:\/\/www.lesateliersduverre.com\/wp-content\/uploads\/2025\/10\/0624ce_b36461f04e3e44d3960ac6fe0734b647mv2.png\" data-object-fit=\"cover\" srcset=\"https:\/\/www.lesateliersduverre.com\/wp-content\/uploads\/2025\/10\/0624ce_b36461f04e3e44d3960ac6fe0734b647mv2.png 432w, https:\/\/www.lesateliersduverre.com\/wp-content\/uploads\/2025\/10\/0624ce_b36461f04e3e44d3960ac6fe0734b647mv2-300x189.png 300w, https:\/\/www.lesateliersduverre.com\/wp-content\/uploads\/2025\/10\/0624ce_b36461f04e3e44d3960ac6fe0734b647mv2-382x241.png 382w\" sizes=\"auto, (max-width: 960px) 50vw, 400w\" \/><span aria-hidden=\"true\" class=\"wp-block-cover__background has-background-dim\"><\/span><div class=\"wp-block-cover__inner-container is-layout-flow wp-block-cover-is-layout-flow\">\n<p class=\"has-text-align-center has-large-font-size\">D\u00e9coration<\/p>\n<\/div><\/div>\n<\/div>\n<\/div>\n\n\n\n<p><\/p>\n","protected":false},"excerpt":{"rendered":"<p>Atelier de vitrail Cr\u00e9ation &amp; Restauration de vitraux L&rsquo;atelier r\u00e9alise des vitraux sur mesureselon votre projet. D\u00e9coration d&rsquo;int\u00e9rieur&amp; d&rsquo;ext\u00e9rieur Les luminaires et&nbsp;sculptures&nbsp;sont enti\u00e8rement&nbsp;r\u00e9alis\u00e9s \u00e0 la main. La mati\u00e8re premi\u00e8re est une feuille de verre coup\u00e9e et fondue pour r\u00e9aliser des objets de d\u00e9coration uniques. Galerie Luminaire d&rsquo;ambianceD\u00e9coration d&rsquo;int\u00e9rieur et d&rsquo;ext\u00e9rieur<\/p>\n","protected":false},"author":1,"featured_media":0,"parent":0,"menu_order":0,"comment_status":"closed","ping_status":"closed","template":"","meta":{"_acf_changed":false,"footnotes":""},"class_list":["post-39","page","type-page","status-publish","hentry"],"acf":[],"_links":{"self":[{"href":"https:\/\/www.lesateliersduverre.com\/index.php\/wp-json\/wp\/v2\/pages\/39","targetHints":{"allow":["GET"]}}],"collection":[{"href":"https:\/\/www.lesateliersduverre.com\/index.php\/wp-json\/wp\/v2\/pages"}],"about":[{"href":"https:\/\/www.lesateliersduverre.com\/index.php\/wp-json\/wp\/v2\/types\/page"}],"author":[{"embeddable":true,"href":"https:\/\/www.lesateliersduverre.com\/index.php\/wp-json\/wp\/v2\/users\/1"}],"replies":[{"embeddable":true,"href":"https:\/\/www.lesateliersduverre.com\/index.php\/wp-json\/wp\/v2\/comments?post=39"}],"version-history":[{"count":18,"href":"https:\/\/www.lesateliersduverre.com\/index.php\/wp-json\/wp\/v2\/pages\/39\/revisions"}],"predecessor-version":[{"id":117,"href":"https:\/\/www.lesateliersduverre.com\/index.php\/wp-json\/wp\/v2\/pages\/39\/revisions\/117"}],"wp:attachment":[{"href":"https:\/\/www.lesateliersduverre.com\/index.php\/wp-json\/wp\/v2\/media?parent=39"}],"curies":[{"name":"wp","href":"https:\/\/api.w.org\/{rel}","templated":true}]}}