 {"id":16,"date":"2025-10-30T14:25:53","date_gmt":"2025-10-30T14:25:53","guid":{"rendered":"https:\/\/www.lesateliersduverre.com\/?page_id=16"},"modified":"2025-10-31T12:52:31","modified_gmt":"2025-10-31T12:52:31","slug":"contact","status":"publish","type":"page","link":"https:\/\/www.lesateliersduverre.com\/index.php\/contact\/","title":{"rendered":"Contact"},"content":{"rendered":"\n<div class=\"wp-block-columns is-layout-flex wp-container-core-columns-is-layout-9d6595d7 wp-block-columns-is-layout-flex\">\n<div class=\"wp-block-column is-layout-flow wp-block-column-is-layout-flow\">\n<h2 class=\"wp-block-heading\">Vous souhaitez&nbsp;\u00eatre contact\u00e9<\/h2>\n\n\n\n<div class=\"wpcf7 no-js\" id=\"wpcf7-f102-o1\" lang=\"fr-FR\" dir=\"ltr\" data-wpcf7-id=\"102\">\n<div class=\"screen-reader-response\"><p role=\"status\" aria-live=\"polite\" aria-atomic=\"true\"><\/p> <ul><\/ul><\/div>\n<form action=\"\/index.php\/wp-json\/wp\/v2\/pages\/16#wpcf7-f102-o1\" method=\"post\" class=\"wpcf7-form init\" aria-label=\"Formulaire de contact\" novalidate=\"novalidate\" data-status=\"init\">\n<fieldset class=\"hidden-fields-container\"><input type=\"hidden\" name=\"_wpcf7\" value=\"102\" \/><input type=\"hidden\" name=\"_wpcf7_version\" value=\"6.1.5\" \/><input type=\"hidden\" name=\"_wpcf7_locale\" value=\"fr_FR\" \/><input type=\"hidden\" name=\"_wpcf7_unit_tag\" value=\"wpcf7-f102-o1\" \/><input type=\"hidden\" name=\"_wpcf7_container_post\" value=\"0\" \/><input type=\"hidden\" name=\"_wpcf7_posted_data_hash\" value=\"\" \/><input type=\"hidden\" name=\"_wpcf7_recaptcha_response\" value=\"\" \/>\n<\/fieldset>\n<p><label> Votre nom<br \/>\n<span class=\"wpcf7-form-control-wrap\" data-name=\"your-name\"><input size=\"40\" maxlength=\"400\" class=\"wpcf7-form-control wpcf7-text wpcf7-validates-as-required\" autocomplete=\"name\" aria-required=\"true\" aria-invalid=\"false\" value=\"\" type=\"text\" name=\"your-name\" \/><\/span> <\/label>\n<\/p>\n<p><label> Votre e-mail<br \/>\n<span class=\"wpcf7-form-control-wrap\" data-name=\"your-email\"><input size=\"40\" maxlength=\"400\" class=\"wpcf7-form-control wpcf7-email wpcf7-validates-as-required wpcf7-text wpcf7-validates-as-email\" autocomplete=\"email\" aria-required=\"true\" aria-invalid=\"false\" value=\"\" type=\"email\" name=\"your-email\" \/><\/span> <\/label>\n<\/p>\n<p><label> Objet<br \/>\n<span class=\"wpcf7-form-control-wrap\" data-name=\"your-subject\"><input size=\"40\" maxlength=\"400\" class=\"wpcf7-form-control wpcf7-text wpcf7-validates-as-required\" aria-required=\"true\" aria-invalid=\"false\" value=\"\" type=\"text\" name=\"your-subject\" \/><\/span> <\/label>\n<\/p>\n<p><label> Votre message (facultatif)<br \/>\n<span class=\"wpcf7-form-control-wrap\" data-name=\"your-message\"><textarea cols=\"40\" rows=\"10\" maxlength=\"2000\" class=\"wpcf7-form-control wpcf7-textarea\" aria-invalid=\"false\" name=\"your-message\"><\/textarea><\/span> <\/label>\n<\/p>\n<p><input class=\"wpcf7-form-control wpcf7-submit has-spinner\" type=\"submit\" value=\"Envoyer\" \/>\n<\/p><div class=\"wpcf7-response-output\" aria-hidden=\"true\"><\/div>\n<\/form>\n<\/div>\n\n<\/div>\n\n\n\n<div class=\"wp-block-column is-layout-flow wp-block-column-is-layout-flow\">\n<h2 class=\"wp-block-heading has-text-align-center\"><strong>Contacter l&rsquo;Atelier<\/strong><\/h2>\n\n\n\n<h2 class=\"wp-block-heading has-text-align-center\"><strong><strong>Les Ateliers du Verre<\/strong><\/strong><\/h2>\n\n\n\n<p class=\"has-text-align-center\">2870 route de Bretagne <br>14210 Val d&rsquo;Arry<\/p>\n\n\n\n<p class=\"has-text-align-center\"><a href=\"mailto:ateliersduverre@gmail.com\">ateliersduverre@gmail.com<\/a><br>06.08.98.70.34<\/p>\n\n\n\n<p class=\"has-text-align-center\"><a href=\"mailto:ateliersduverre@gmail.com\"><strong>N&rsquo;h\u00e9sitez pas \u00e0 me suivre sur les r\u00e9seaux !<\/strong><\/a><br>06.08.98.70.34<\/p>\n\n\n\n<div class=\"cgatib center\">\n\t\t\t\t<a href=\"https:\/\/www.instagram.com\/lesateliersduverre\/\" title=\"instagram\" class=\"icongayt\">\n\t\t\t\t\t\t<img decoding=\"async\" src=\"\/wp-content\/uploads\/2025\/10\/e1aa082f7c0747168d9cf43e77046142.png\" alt=\"instagram atelier du verre\" \/>\n\t\t\t\t\t\t<\/a>\t\n\t\t\t\t\t\t<a href=\"https:\/\/www.facebook.com\/lesateliersduverre#\" title=\"facebook\" class=\"icongayt\">\n\t\t\t\t\t\t<img decoding=\"async\" src=\"\/wp-content\/uploads\/2025\/10\/4057345bcf57474b96976284050c00df.png\" alt=\"facebook atelier du verre\" \/>\n\t\t\t\t\t\t<\/a>\n\t\t\t<\/div><br>\n\n\n\n<iframe src=\"https:\/\/www.google.com\/maps\/embed?pb=!1m18!1m12!1m3!1d2611.4830956673754!2d-0.580860923142283!3d49.11545958258076!2m3!1f0!2f0!3f0!3m2!1i1024!2i768!4f13.1!3m3!1m2!1s0x480a493163cee6e7%3A0x8939cd93df4874c5!2s2870%20Rte%20de%20Bretagne%2C%2014210%20Val%20d&#39;Arry!5e0!3m2!1sfr!2sfr!4v1761913515799!5m2!1sfr!2sfr\" width=\"600\" height=\"200\" style=\"border:0;\" allowfullscreen=\"\" loading=\"lazy\" referrerpolicy=\"no-referrer-when-downgrade\"><\/iframe>\n<\/div>\n<\/div>\n","protected":false},"excerpt":{"rendered":"<p>Vous souhaitez&nbsp;\u00eatre contact\u00e9 Contacter l&rsquo;Atelier Les Ateliers du Verre 2870 route de Bretagne 14210 Val d&rsquo;Arry ateliersduverre@gmail.com06.08.98.70.34 N&rsquo;h\u00e9sitez pas \u00e0 me suivre sur les r\u00e9seaux !06.08.98.70.34<\/p>\n","protected":false},"author":1,"featured_media":0,"parent":0,"menu_order":0,"comment_status":"closed","ping_status":"closed","template":"","meta":{"_acf_changed":false,"footnotes":""},"class_list":["post-16","page","type-page","status-publish","hentry"],"acf":[],"_links":{"self":[{"href":"https:\/\/www.lesateliersduverre.com\/index.php\/wp-json\/wp\/v2\/pages\/16","targetHints":{"allow":["GET"]}}],"collection":[{"href":"https:\/\/www.lesateliersduverre.com\/index.php\/wp-json\/wp\/v2\/pages"}],"about":[{"href":"https:\/\/www.lesateliersduverre.com\/index.php\/wp-json\/wp\/v2\/types\/page"}],"author":[{"embeddable":true,"href":"https:\/\/www.lesateliersduverre.com\/index.php\/wp-json\/wp\/v2\/users\/1"}],"replies":[{"embeddable":true,"href":"https:\/\/www.lesateliersduverre.com\/index.php\/wp-json\/wp\/v2\/comments?post=16"}],"version-history":[{"count":10,"href":"https:\/\/www.lesateliersduverre.com\/index.php\/wp-json\/wp\/v2\/pages\/16\/revisions"}],"predecessor-version":[{"id":112,"href":"https:\/\/www.lesateliersduverre.com\/index.php\/wp-json\/wp\/v2\/pages\/16\/revisions\/112"}],"wp:attachment":[{"href":"https:\/\/www.lesateliersduverre.com\/index.php\/wp-json\/wp\/v2\/media?parent=16"}],"curies":[{"name":"wp","href":"https:\/\/api.w.org\/{rel}","templated":true}]}}